{"id":4716,"date":"2025-02-12T15:52:07","date_gmt":"2025-02-12T15:52:07","guid":{"rendered":"https:\/\/wycos.gmultimedia.ro\/?page_id=4716"},"modified":"2025-04-24T14:36:31","modified_gmt":"2025-04-24T14:36:31","slug":"extraction","status":"publish","type":"page","link":"https:\/\/wycos.gmultimedia.ro\/de\/services\/extraction\/","title":{"rendered":"Extraktion"},"content":{"rendered":"<div class=\"wpb-content-wrapper\"><p><\/p>\n<p>[vc_row full_width_css=&#8220;stretch_row_content_no_spaces_css&#8220; full_width=&#8220;stretch_row_content_no_spaces&#8220; conditional_render=&#8220;%5B%7B%22value_role%22%3A%22administrator%22%7D%5D&#8220; css_params=&#8220;&#8220; css=&#8220;.vc_custom_1745501511107{background-image: url(https:\/\/wycos.gmultimedia.ro\/wp-content\/uploads\/2025\/02\/header-services.jpg?id=4993) !important;}&#8220;][vc_column]<div class=\"page-top page-header-4   wpb_custom_6fec1a9924963cd81f0ea4c97071ae31\"><style>.page-top { background: none; border-bottom: none; } .page-top .page-title:not(.b-none):after { display: none; }<\/style><div class=\"container hide-title\">\r\n\t<div class=\"row align-items-center justify-content-end\">\r\n\t\t<div class=\"col-lg-6 d-none\">\r\n\t\t\t\t\t\t<h3 class=\"page-title\"><\/h3>\r\n\t\t\t\t\t<\/div>\r\n\t\t\t\t\t<div class=\"breadcrumbs-wrap col-lg-6\">\r\n\t\t\t\t<ul class=\"breadcrumb\" itemscope itemtype=\"https:\/\/schema.org\/BreadcrumbList\"><li class=\"home\" itemprop=\"itemListElement\" itemscope itemtype=\"https:\/\/schema.org\/ListItem\"><a itemprop=\"item\" href=\"https:\/\/wycos.gmultimedia.ro\/de\" title=\"Go to Home Page\"><span itemprop=\"name\">Home<\/span><\/a><meta itemprop=\"position\" content=\"2\" \/><i class=\"delimiter delimiter-2\"><\/i><\/li><\/ul>\t\t\t<\/div>\r\n\t\t\t\t\t<\/div>\r\n<\/div>\r\n<\/div>[\/vc_column][\/vc_row][vc_row][vc_column][vc_empty_space css_params=&#8220;&#8220;][\/vc_column][\/vc_row][vc_row][vc_column][vc_column_text css=&#8220;&#8220; css_params=&#8220;&#8220;]<\/p>\n<h3>Extraktion<\/h3>\n<p>[\/vc_column_text][\/vc_column][\/vc_row][vc_row][vc_column][vc_column_text css=&#8220;&#8220; css_params=&#8220;&#8220;]<\/p>\n<p style=\"font-weight: 400;\">Mit moderner Ausr\u00fcstung und fundiertem Know-how holen wir das Beste aus Heilpflanzen und Kr\u00e4utern. Mit unseren Extraktionsverfahren konzentrieren wir ihre Kraft und gewinnen hochwirksame pflanzliche Essenzen f\u00fcr Ihre und unsere Kosmetik.<\/p>\n<p style=\"font-weight: 400;\">Folgende Extraktionsverfahren wenden wir an: Perkolation, Mazeration, Destillation, Spissum- &amp; Trockenextrakte.<\/p>\n<p style=\"font-weight: 400;\">Verschiedene L\u00f6sungsmittel und Tr\u00e4gerstoffe kommen dabei zur Anwendung: Ethanol, Wasser, Glycerin, Propylenglykol, \u00d6l oder Mischungen derselben.<\/p>\n<p style=\"font-weight: 400;\">Haben Sie eine Idee f\u00fcr einen Pflanzenextrakt, sprechen Sie uns an!<\/p>\n<p>[\/vc_column_text][\/vc_column][\/vc_row][vc_row][vc_column][vc_empty_space height=&#8220;150px&#8220; css_params=&#8220;&#8220;][\/vc_column][\/vc_row]<\/p>\n<p><\/p>\n<\/div>","protected":false},"excerpt":{"rendered":"<p>[vc_row full_width_css=&#8220;stretch_row_content_no_spaces_css&#8220; full_width=&#8220;stretch_row_content_no_spaces&#8220; conditional_render=&#8220;%5B%7B%22value_role%22%3A%22administrator%22%7D%5D&#8220; css_params=&#8220;&#8220; css=&#8220;.vc_custom_1745501511107{background-image: url(https:\/\/wycos.gmultimedia.ro\/wp-content\/uploads\/2025\/02\/header-services.jpg?id=4993) !important;}&#8220;][vc_column][\/vc_column][\/vc_row][vc_row][vc_column][vc_empty_space css_params=&#8220;&#8220;][\/vc_column][\/vc_row][vc_row][vc_column][vc_column_text css=&#8220;&#8220; css_params=&#8220;&#8220;] Extraktion [\/vc_column_text][\/vc_column][\/vc_row][vc_row][vc_column][vc_column_text css=&#8220;&#8220; css_params=&#8220;&#8220;] Mit moderner Ausr\u00fcstung und fundiertem Know-how holen wir das Beste aus Heilpflanzen und Kr\u00e4utern. Mit unseren Extraktionsverfahren konzentrieren wir ihre Kraft und gewinnen hochwirksame pflanzliche Essenzen f\u00fcr Ihre und unsere Kosmetik. Folgende Extraktionsverfahren wenden wir an: Perkolation, Mazeration, Destillation, Spissum- [&hellip;]<\/p>\n","protected":false},"author":1,"featured_media":0,"parent":4709,"menu_order":0,"comment_status":"closed","ping_status":"closed","template":"","meta":{"footnotes":""},"class_list":["post-4716","page","type-page","status-publish","hentry"],"_links":{"self":[{"href":"https:\/\/wycos.gmultimedia.ro\/de\/wp-json\/wp\/v2\/pages\/4716","targetHints":{"allow":["GET"]}}],"collection":[{"href":"https:\/\/wycos.gmultimedia.ro\/de\/wp-json\/wp\/v2\/pages"}],"about":[{"href":"https:\/\/wycos.gmultimedia.ro\/de\/wp-json\/wp\/v2\/types\/page"}],"author":[{"embeddable":true,"href":"https:\/\/wycos.gmultimedia.ro\/de\/wp-json\/wp\/v2\/users\/1"}],"replies":[{"embeddable":true,"href":"https:\/\/wycos.gmultimedia.ro\/de\/wp-json\/wp\/v2\/comments?post=4716"}],"version-history":[{"count":7,"href":"https:\/\/wycos.gmultimedia.ro\/de\/wp-json\/wp\/v2\/pages\/4716\/revisions"}],"predecessor-version":[{"id":5751,"href":"https:\/\/wycos.gmultimedia.ro\/de\/wp-json\/wp\/v2\/pages\/4716\/revisions\/5751"}],"up":[{"embeddable":true,"href":"https:\/\/wycos.gmultimedia.ro\/de\/wp-json\/wp\/v2\/pages\/4709"}],"wp:attachment":[{"href":"https:\/\/wycos.gmultimedia.ro\/de\/wp-json\/wp\/v2\/media?parent=4716"}],"curies":[{"name":"wp","href":"https:\/\/api.w.org\/{rel}","templated":true}]}}