{"id":5558,"date":"2025-04-21T06:17:56","date_gmt":"2025-04-21T06:17:56","guid":{"rendered":"https:\/\/wycos.gmultimedia.ro\/?page_id=5558"},"modified":"2025-04-22T11:01:17","modified_gmt":"2025-04-22T11:01:17","slug":"balloon-vine","status":"publish","type":"page","link":"https:\/\/wycos.gmultimedia.ro\/de\/plant-lexicon\/balloon-vine\/","title":{"rendered":"Herzsame"},"content":{"rendered":"<div class=\"wpb-content-wrapper\"><p><\/p>\n<h4>Herzsame<\/h4>\n<p><img loading=\"lazy\" decoding=\"async\" class=\"alignnone wp-image-5322 size-full\" src=\"https:\/\/wycos.gmultimedia.ro\/wp-content\/uploads\/2025\/04\/13Hrezsame.jpg\" alt=\"\" width=\"630\" height=\"420\" srcset=\"https:\/\/wycos.gmultimedia.ro\/wp-content\/uploads\/2025\/04\/13Hrezsame.jpg 630w, https:\/\/wycos.gmultimedia.ro\/wp-content\/uploads\/2025\/04\/13Hrezsame-400x267.jpg 400w, https:\/\/wycos.gmultimedia.ro\/wp-content\/uploads\/2025\/04\/13Hrezsame-367x245.jpg 367w, https:\/\/wycos.gmultimedia.ro\/wp-content\/uploads\/2025\/04\/13Hrezsame-600x400.jpg 600w\" sizes=\"auto, (max-width: 630px) 100vw, 630px\" \/><\/p>\n<p>Ballonrebe, ist eine schnell wachsende, rankende Pflanze aus der Familie der Seifenbaumgew\u00e4chse (Sapindaceae). Sie stammt aus tropischen und subtropischen Regionen und gedeiht bevorzugt an sonnigen, feuchten Standorten. Ihre gefiederten Bl\u00e4tter, kleinen wei\u00dfen Bl\u00fcten und charakteristischen, ballonf\u00f6rmigen Fruchtkapseln machen sie unverwechselbar. Die Samen tragen ein herzf\u00f6rmiges Muster, was ihr den Namen \u201eHerzsamenpflanze\u201c eingebracht hat.<\/p>\n<p><strong>Inhaltsstoffe<\/strong><strong>:<br \/>\n<\/strong>Flavonide, Gerbstoffe, Triterpene, Saponine, Phytosterole<\/p>\n<p><strong>Wirkung<\/strong>:<br \/>\nJuckreizstillend, entz\u00fcndungshemmend, antioxydativ, Schmerz lindernd, antibakteriell, hautberuhigend<\/p>\n<p><strong>Traditionelle Verwendung:<br \/>\n<\/strong>Bei juckenden und brennenden Hautproblemen, Ekzemen, Neurodermitis, Insektenstichen, zur Wundheilung, aber auch bei Gelenkbeschwerden, Verdauungsbeschwerden.<\/p>\n<\/div>","protected":false},"excerpt":{"rendered":"<p>Herzsame Ballonrebe, ist eine schnell wachsende, rankende Pflanze aus der Familie der Seifenbaumgew\u00e4chse (Sapindaceae). Sie stammt aus tropischen und subtropischen Regionen und gedeiht bevorzugt an sonnigen, feuchten Standorten. Ihre gefiederten Bl\u00e4tter, kleinen wei\u00dfen Bl\u00fcten und charakteristischen, ballonf\u00f6rmigen Fruchtkapseln machen sie unverwechselbar. Die Samen tragen ein herzf\u00f6rmiges Muster, was ihr den Namen \u201eHerzsamenpflanze\u201c eingebracht hat. Inhaltsstoffe: [&hellip;]<\/p>\n","protected":false},"author":1,"featured_media":0,"parent":4724,"menu_order":0,"comment_status":"closed","ping_status":"closed","template":"","meta":{"footnotes":""},"class_list":["post-5558","page","type-page","status-publish","hentry"],"_links":{"self":[{"href":"https:\/\/wycos.gmultimedia.ro\/de\/wp-json\/wp\/v2\/pages\/5558","targetHints":{"allow":["GET"]}}],"collection":[{"href":"https:\/\/wycos.gmultimedia.ro\/de\/wp-json\/wp\/v2\/pages"}],"about":[{"href":"https:\/\/wycos.gmultimedia.ro\/de\/wp-json\/wp\/v2\/types\/page"}],"author":[{"embeddable":true,"href":"https:\/\/wycos.gmultimedia.ro\/de\/wp-json\/wp\/v2\/users\/1"}],"replies":[{"embeddable":true,"href":"https:\/\/wycos.gmultimedia.ro\/de\/wp-json\/wp\/v2\/comments?post=5558"}],"version-history":[{"count":2,"href":"https:\/\/wycos.gmultimedia.ro\/de\/wp-json\/wp\/v2\/pages\/5558\/revisions"}],"predecessor-version":[{"id":5624,"href":"https:\/\/wycos.gmultimedia.ro\/de\/wp-json\/wp\/v2\/pages\/5558\/revisions\/5624"}],"up":[{"embeddable":true,"href":"https:\/\/wycos.gmultimedia.ro\/de\/wp-json\/wp\/v2\/pages\/4724"}],"wp:attachment":[{"href":"https:\/\/wycos.gmultimedia.ro\/de\/wp-json\/wp\/v2\/media?parent=5558"}],"curies":[{"name":"wp","href":"https:\/\/api.w.org\/{rel}","templated":true}]}}