{"id":5069,"date":"2025-03-27T16:13:50","date_gmt":"2025-03-27T16:13:50","guid":{"rendered":"https:\/\/wycos.gmultimedia.ro\/?post_type=product&#038;p=5069"},"modified":"2025-04-22T18:25:18","modified_gmt":"2025-04-22T18:25:18","slug":"massage-oil-relax-300-ml","status":"publish","type":"product","link":"https:\/\/wycos.gmultimedia.ro\/de\/product\/massage-oil-relax-300-ml\/","title":{"rendered":"Massage\u00f6l Relax 300 ml"},"content":{"rendered":"<p><\/p>\n<ul>\n<li>beruhigende, entspannende Note<\/li>\n<li>gleitet gut auf der Haut,\u00a0<strong>ohne zu schmieren<\/strong>,<\/li>\n<li><strong>zieht<\/strong>\u00a0danach\u00a0<strong>ein<\/strong>\u00a0ohne fettigen Film zu hinterlassen<\/li>\n<li><strong>pflegt<\/strong>\u00a0die Haut mit\u00a0<strong>hochwertigen \u00f6len<\/strong>\u00a0und Vitamin E<\/li>\n<li><strong>Rein pflanzlich<\/strong>\u00a0(vegan), frei von Paraffin, Paraben und synthetischen Antioxidantien wie BHT, BHA<\/li>\n<li><strong>Ohne Parfum<\/strong>\u00a0mit reinen aetherischen \u00d6len<\/li>\n<li><strong>Hergestellt<\/strong>\u00a0in der\u00a0<strong>Schweiz<\/strong>\u00a0mit schweizer Raps\u00f6l<\/li>\n<\/ul>\n<p>w\u00fcnschen Sie dieses \u00d6l in Gr\u00f6sserer Anzahl oder in gr\u00f6sseren Gebinden? rufen sie uns an! 034 496 88 64<\/p>","protected":false},"excerpt":{"rendered":"<p>Massage\u00f6l Relax beruhigende, entspannende Note.<\/p>\n","protected":false},"featured_media":5085,"comment_status":"open","ping_status":"closed","template":"","meta":[],"product_brand":[],"product_cat":[58],"product_tag":[],"class_list":{"0":"post-5069","1":"product","2":"type-product","3":"status-publish","4":"has-post-thumbnail","6":"product_cat-massage-body-care-oils","8":"first","9":"instock","10":"shipping-taxable","11":"purchasable","12":"product-type-simple"},"_links":{"self":[{"href":"https:\/\/wycos.gmultimedia.ro\/de\/wp-json\/wp\/v2\/product\/5069","targetHints":{"allow":["GET"]}}],"collection":[{"href":"https:\/\/wycos.gmultimedia.ro\/de\/wp-json\/wp\/v2\/product"}],"about":[{"href":"https:\/\/wycos.gmultimedia.ro\/de\/wp-json\/wp\/v2\/types\/product"}],"replies":[{"embeddable":true,"href":"https:\/\/wycos.gmultimedia.ro\/de\/wp-json\/wp\/v2\/comments?post=5069"}],"wp:featuredmedia":[{"embeddable":true,"href":"https:\/\/wycos.gmultimedia.ro\/de\/wp-json\/wp\/v2\/media\/5085"}],"wp:attachment":[{"href":"https:\/\/wycos.gmultimedia.ro\/de\/wp-json\/wp\/v2\/media?parent=5069"}],"wp:term":[{"taxonomy":"product_brand","embeddable":true,"href":"https:\/\/wycos.gmultimedia.ro\/de\/wp-json\/wp\/v2\/product_brand?post=5069"},{"taxonomy":"product_cat","embeddable":true,"href":"https:\/\/wycos.gmultimedia.ro\/de\/wp-json\/wp\/v2\/product_cat?post=5069"},{"taxonomy":"product_tag","embeddable":true,"href":"https:\/\/wycos.gmultimedia.ro\/de\/wp-json\/wp\/v2\/product_tag?post=5069"}],"curies":[{"name":"wp","href":"https:\/\/api.w.org\/{rel}","templated":true}]}}