{"id":5092,"date":"2025-03-27T19:52:59","date_gmt":"2025-03-27T19:52:59","guid":{"rendered":"https:\/\/wycos.gmultimedia.ro\/?post_type=product&#038;p=5092"},"modified":"2025-04-22T18:14:39","modified_gmt":"2025-04-22T18:14:39","slug":"herbal-hand-cream-75-g-tube","status":"publish","type":"product","link":"https:\/\/wycos.gmultimedia.ro\/de\/product\/herbal-hand-cream-75-g-tube\/","title":{"rendered":"Kr\u00e4uter Handcreme 75 g Tube"},"content":{"rendered":"<p>Unser Bestseller in der hygienischen Tube.<br \/>\nMit Ringelblume, Kamille und Hamamelis. Glycerin befeuchtet optimal, Aprikosenkern\u00f6l macht die H\u00e4nde geschmeidig. Pflegt und sch\u00fctzt beanspruchte H\u00e4nde.<\/p>","protected":false},"excerpt":{"rendered":"<p>Unser Bestseller in der hygienischen Tube. Mit Ringelblume, Kamille und Hamamelis. Glycerin befeuchtet optimal, Aprikosenkern\u00f6l macht die H\u00e4nde geschmeidig. Pflegt und sch\u00fctzt beanspruchte H\u00e4nde.<\/p>\n","protected":false},"featured_media":5093,"comment_status":"open","ping_status":"closed","template":"","meta":[],"product_brand":[],"product_cat":[65],"product_tag":[],"class_list":{"0":"post-5092","1":"product","2":"type-product","3":"status-publish","4":"has-post-thumbnail","6":"product_cat-hand-care","8":"first","9":"instock","10":"shipping-taxable","11":"purchasable","12":"product-type-simple"},"_links":{"self":[{"href":"https:\/\/wycos.gmultimedia.ro\/de\/wp-json\/wp\/v2\/product\/5092","targetHints":{"allow":["GET"]}}],"collection":[{"href":"https:\/\/wycos.gmultimedia.ro\/de\/wp-json\/wp\/v2\/product"}],"about":[{"href":"https:\/\/wycos.gmultimedia.ro\/de\/wp-json\/wp\/v2\/types\/product"}],"replies":[{"embeddable":true,"href":"https:\/\/wycos.gmultimedia.ro\/de\/wp-json\/wp\/v2\/comments?post=5092"}],"wp:featuredmedia":[{"embeddable":true,"href":"https:\/\/wycos.gmultimedia.ro\/de\/wp-json\/wp\/v2\/media\/5093"}],"wp:attachment":[{"href":"https:\/\/wycos.gmultimedia.ro\/de\/wp-json\/wp\/v2\/media?parent=5092"}],"wp:term":[{"taxonomy":"product_brand","embeddable":true,"href":"https:\/\/wycos.gmultimedia.ro\/de\/wp-json\/wp\/v2\/product_brand?post=5092"},{"taxonomy":"product_cat","embeddable":true,"href":"https:\/\/wycos.gmultimedia.ro\/de\/wp-json\/wp\/v2\/product_cat?post=5092"},{"taxonomy":"product_tag","embeddable":true,"href":"https:\/\/wycos.gmultimedia.ro\/de\/wp-json\/wp\/v2\/product_tag?post=5092"}],"curies":[{"name":"wp","href":"https:\/\/api.w.org\/{rel}","templated":true}]}}