{"id":5100,"date":"2025-03-27T20:34:23","date_gmt":"2025-03-27T20:34:23","guid":{"rendered":"https:\/\/wycos.gmultimedia.ro\/?post_type=product&#038;p=5100"},"modified":"2025-04-22T18:11:05","modified_gmt":"2025-04-22T18:11:05","slug":"lipstick-with-tea-tree-oil-and-propolis","status":"publish","type":"product","link":"https:\/\/wycos.gmultimedia.ro\/de\/product\/lipstick-with-tea-tree-oil-and-propolis\/","title":{"rendered":"Lippenstift mit Teebaum\u00f6l und Propolis"},"content":{"rendered":"<p>Schutz und Pflege f\u00fcr Ihre Lippen, mit Sonnenschutzfilter, Teebaum\u00f6l, Bienenwachs und Kakaobutter. Ohne Konservierungsmittel, Farbstoffe und ohne Paraffine(Erd\u00f6lderivate).<\/p>","protected":false},"excerpt":{"rendered":"<p>Lippenpflege mit nat\u00fcrlichen Wachsen und \u00d6len.<\/p>\n","protected":false},"featured_media":5101,"comment_status":"open","ping_status":"closed","template":"","meta":[],"product_brand":[],"product_cat":[63],"product_tag":[],"class_list":{"0":"post-5100","1":"product","2":"type-product","3":"status-publish","4":"has-post-thumbnail","6":"product_cat-lip-care","8":"first","9":"instock","10":"shipping-taxable","11":"purchasable","12":"product-type-simple"},"_links":{"self":[{"href":"https:\/\/wycos.gmultimedia.ro\/de\/wp-json\/wp\/v2\/product\/5100","targetHints":{"allow":["GET"]}}],"collection":[{"href":"https:\/\/wycos.gmultimedia.ro\/de\/wp-json\/wp\/v2\/product"}],"about":[{"href":"https:\/\/wycos.gmultimedia.ro\/de\/wp-json\/wp\/v2\/types\/product"}],"replies":[{"embeddable":true,"href":"https:\/\/wycos.gmultimedia.ro\/de\/wp-json\/wp\/v2\/comments?post=5100"}],"wp:featuredmedia":[{"embeddable":true,"href":"https:\/\/wycos.gmultimedia.ro\/de\/wp-json\/wp\/v2\/media\/5101"}],"wp:attachment":[{"href":"https:\/\/wycos.gmultimedia.ro\/de\/wp-json\/wp\/v2\/media?parent=5100"}],"wp:term":[{"taxonomy":"product_brand","embeddable":true,"href":"https:\/\/wycos.gmultimedia.ro\/de\/wp-json\/wp\/v2\/product_brand?post=5100"},{"taxonomy":"product_cat","embeddable":true,"href":"https:\/\/wycos.gmultimedia.ro\/de\/wp-json\/wp\/v2\/product_cat?post=5100"},{"taxonomy":"product_tag","embeddable":true,"href":"https:\/\/wycos.gmultimedia.ro\/de\/wp-json\/wp\/v2\/product_tag?post=5100"}],"curies":[{"name":"wp","href":"https:\/\/api.w.org\/{rel}","templated":true}]}}