{"id":5118,"date":"2025-03-29T11:28:18","date_gmt":"2025-03-29T11:28:18","guid":{"rendered":"https:\/\/wycos.gmultimedia.ro\/?post_type=product&#038;p=5118"},"modified":"2025-04-22T17:59:31","modified_gmt":"2025-04-22T17:59:31","slug":"wycos-oriental-shower-bath-zaid-200-ml","status":"publish","type":"product","link":"https:\/\/wycos.gmultimedia.ro\/de\/product\/wycos-oriental-shower-bath-zaid-200-ml\/","title":{"rendered":"WYCOS ORIENTAL DUSCHBAD ZAID 200 ml"},"content":{"rendered":"<p>Mildes Duschbad mit Schwarzhaferextrakt und Lecithin, befeuchtet die Haut schon w\u00e4hrend dem Duschen und sch\u00fctzt sie vor dem austrocknen. Der wunderbare, orientalische Duft entf\u00fchrt Sie in die Welt von 1001 Nacht. Geeignet f\u00fcr Haut und Haar. Wie alle unsere selbst fabrizierten Duschmittel ist auch Zaid nachf\u00fcllbar.<\/p>","protected":false},"excerpt":{"rendered":"<p>Mildes Dusch mit feinem orientalischen Duft, befeuchtend und pflegend. F\u00fcr Haut und Haar.<\/p>\n","protected":false},"featured_media":5091,"comment_status":"open","ping_status":"closed","template":"","meta":[],"product_brand":[],"product_cat":[61],"product_tag":[],"class_list":{"0":"post-5118","1":"product","2":"type-product","3":"status-publish","4":"has-post-thumbnail","6":"product_cat-shower-gel","8":"first","9":"instock","10":"shipping-taxable","11":"purchasable","12":"product-type-simple"},"_links":{"self":[{"href":"https:\/\/wycos.gmultimedia.ro\/de\/wp-json\/wp\/v2\/product\/5118","targetHints":{"allow":["GET"]}}],"collection":[{"href":"https:\/\/wycos.gmultimedia.ro\/de\/wp-json\/wp\/v2\/product"}],"about":[{"href":"https:\/\/wycos.gmultimedia.ro\/de\/wp-json\/wp\/v2\/types\/product"}],"replies":[{"embeddable":true,"href":"https:\/\/wycos.gmultimedia.ro\/de\/wp-json\/wp\/v2\/comments?post=5118"}],"wp:featuredmedia":[{"embeddable":true,"href":"https:\/\/wycos.gmultimedia.ro\/de\/wp-json\/wp\/v2\/media\/5091"}],"wp:attachment":[{"href":"https:\/\/wycos.gmultimedia.ro\/de\/wp-json\/wp\/v2\/media?parent=5118"}],"wp:term":[{"taxonomy":"product_brand","embeddable":true,"href":"https:\/\/wycos.gmultimedia.ro\/de\/wp-json\/wp\/v2\/product_brand?post=5118"},{"taxonomy":"product_cat","embeddable":true,"href":"https:\/\/wycos.gmultimedia.ro\/de\/wp-json\/wp\/v2\/product_cat?post=5118"},{"taxonomy":"product_tag","embeddable":true,"href":"https:\/\/wycos.gmultimedia.ro\/de\/wp-json\/wp\/v2\/product_tag?post=5118"}],"curies":[{"name":"wp","href":"https:\/\/api.w.org\/{rel}","templated":true}]}}