{"id":5427,"date":"2025-04-16T14:51:10","date_gmt":"2025-04-16T14:51:10","guid":{"rendered":"https:\/\/wycos.gmultimedia.ro\/?post_type=product&#038;p=5427"},"modified":"2025-04-22T17:52:14","modified_gmt":"2025-04-22T17:52:14","slug":"emmental-hand-cream-tube-75ml","status":"publish","type":"product","link":"https:\/\/wycos.gmultimedia.ro\/de\/product\/emmental-hand-cream-tube-75ml\/","title":{"rendered":"EMMENTALER HANDCREME Tube 75ml"},"content":{"rendered":"<p>Rasch Einziehende Handcreme mit Emmentaler Ringelblumen-Extrakt. F\u00fcr seidenweich gepflegte H\u00e4nde. Lindert und f\u00f6rdert die Regeneration von ger\u00f6teten und rissigen H\u00e4nden. Nat\u00fcrliche \u00d6le und Glycerin sch\u00fctzen und pflegen die Haut und bewahren die Feuchtigkeit. (vegan)<\/p>","protected":false},"excerpt":{"rendered":"<p>Rasch einziehende, pflegende Handcreme mit Emmentaler Ringelblumen-Extrakt.<\/p>\n","protected":false},"featured_media":5428,"comment_status":"open","ping_status":"closed","template":"","meta":[],"product_brand":[],"product_cat":[57],"product_tag":[],"class_list":{"0":"post-5427","1":"product","2":"type-product","3":"status-publish","4":"has-post-thumbnail","6":"product_cat-emmental-cosmetics","8":"first","9":"instock","10":"shipping-taxable","11":"purchasable","12":"product-type-simple"},"_links":{"self":[{"href":"https:\/\/wycos.gmultimedia.ro\/de\/wp-json\/wp\/v2\/product\/5427","targetHints":{"allow":["GET"]}}],"collection":[{"href":"https:\/\/wycos.gmultimedia.ro\/de\/wp-json\/wp\/v2\/product"}],"about":[{"href":"https:\/\/wycos.gmultimedia.ro\/de\/wp-json\/wp\/v2\/types\/product"}],"replies":[{"embeddable":true,"href":"https:\/\/wycos.gmultimedia.ro\/de\/wp-json\/wp\/v2\/comments?post=5427"}],"wp:featuredmedia":[{"embeddable":true,"href":"https:\/\/wycos.gmultimedia.ro\/de\/wp-json\/wp\/v2\/media\/5428"}],"wp:attachment":[{"href":"https:\/\/wycos.gmultimedia.ro\/de\/wp-json\/wp\/v2\/media?parent=5427"}],"wp:term":[{"taxonomy":"product_brand","embeddable":true,"href":"https:\/\/wycos.gmultimedia.ro\/de\/wp-json\/wp\/v2\/product_brand?post=5427"},{"taxonomy":"product_cat","embeddable":true,"href":"https:\/\/wycos.gmultimedia.ro\/de\/wp-json\/wp\/v2\/product_cat?post=5427"},{"taxonomy":"product_tag","embeddable":true,"href":"https:\/\/wycos.gmultimedia.ro\/de\/wp-json\/wp\/v2\/product_tag?post=5427"}],"curies":[{"name":"wp","href":"https:\/\/api.w.org\/{rel}","templated":true}]}}