{"id":5773,"date":"2025-04-24T15:55:53","date_gmt":"2025-04-24T15:55:53","guid":{"rendered":"https:\/\/wycos.gmultimedia.ro\/?post_type=product&#038;p=5773"},"modified":"2025-04-24T16:08:06","modified_gmt":"2025-04-24T16:08:06","slug":"edelwyss-eye-cream-30ml","status":"publish","type":"product","link":"https:\/\/wycos.gmultimedia.ro\/de\/product\/edelwyss-eye-cream-30ml\/","title":{"rendered":"EdelWyss Augencreme 30 ml"},"content":{"rendered":"<p><strong>Intensive Pflege f\u00fcr die Augenpartie<\/strong><\/p>\n<p>Schweizer Edelweiss Extrakt und nat\u00fcrliche \u00d6le sch\u00fctzen und pflegen die Haut rund um Ihre Augen. Der Spezialextrakt aus der s\u00fcdafrikanischen Heilpflanze Bulbine frutescens erh\u00f6ht den Collagengehalt der Haut und lindert Augenf\u00e4ltchen.<\/p>\n<p>Frei von Parabenen, Paraffin, Silikon und PEG.<\/p>\n<p>Hergestellt in unserem Labor<\/p>","protected":false},"excerpt":{"rendered":"<p>Intensiv pflegende Creme f\u00fcr die Augenpartie.<\/p>\n","protected":false},"featured_media":0,"comment_status":"open","ping_status":"closed","template":"","meta":[],"product_brand":[],"product_cat":[56,64],"product_tag":[],"class_list":{"0":"post-5773","1":"product","2":"type-product","3":"status-publish","5":"product_cat-edelwyss","6":"product_cat-facial-care","8":"first","9":"instock","10":"shipping-taxable","11":"purchasable","12":"product-type-simple"},"_links":{"self":[{"href":"https:\/\/wycos.gmultimedia.ro\/de\/wp-json\/wp\/v2\/product\/5773","targetHints":{"allow":["GET"]}}],"collection":[{"href":"https:\/\/wycos.gmultimedia.ro\/de\/wp-json\/wp\/v2\/product"}],"about":[{"href":"https:\/\/wycos.gmultimedia.ro\/de\/wp-json\/wp\/v2\/types\/product"}],"replies":[{"embeddable":true,"href":"https:\/\/wycos.gmultimedia.ro\/de\/wp-json\/wp\/v2\/comments?post=5773"}],"wp:attachment":[{"href":"https:\/\/wycos.gmultimedia.ro\/de\/wp-json\/wp\/v2\/media?parent=5773"}],"wp:term":[{"taxonomy":"product_brand","embeddable":true,"href":"https:\/\/wycos.gmultimedia.ro\/de\/wp-json\/wp\/v2\/product_brand?post=5773"},{"taxonomy":"product_cat","embeddable":true,"href":"https:\/\/wycos.gmultimedia.ro\/de\/wp-json\/wp\/v2\/product_cat?post=5773"},{"taxonomy":"product_tag","embeddable":true,"href":"https:\/\/wycos.gmultimedia.ro\/de\/wp-json\/wp\/v2\/product_tag?post=5773"}],"curies":[{"name":"wp","href":"https:\/\/api.w.org\/{rel}","templated":true}]}}