{"id":4703,"date":"2025-02-12T13:36:17","date_gmt":"2025-02-12T13:36:17","guid":{"rendered":"https:\/\/wycos.gmultimedia.ro\/?page_id=4703"},"modified":"2025-04-24T14:26:14","modified_gmt":"2025-04-24T14:26:14","slug":"hand-care","status":"publish","type":"page","link":"https:\/\/wycos.gmultimedia.ro\/fr\/products\/hand-care\/","title":{"rendered":"Soin des mains"},"content":{"rendered":"<div class=\"wpb-content-wrapper\"><p>[vc_row full_width_css=\u00a0\u00bbstretch_row_content_no_spaces_css\u00a0\u00bb full_width=\u00a0\u00bbstretch_row_content_no_spaces\u00a0\u00bb conditional_render=\u00a0\u00bb%5B%7B%22value_role%22%3A%22administrator%22%7D%5D\u00a0\u00bb css_params=\u00a0\u00bb\u00a0\u00bb css=\u00a0\u00bb.vc_custom_1745501228803{background-image: url(https:\/\/wycos.gmultimedia.ro\/wp-content\/uploads\/2025\/02\/header-produkte3.jpg?id=4978) !important;}\u00a0\u00bb][vc_column]<div class=\"page-top page-header-4   wpb_custom_6fec1a9924963cd81f0ea4c97071ae31\"><style>.page-top { background: none; border-bottom: none; } .page-top .page-title:not(.b-none):after { display: none; }<\/style><div class=\"container hide-title\">\r\n\t<div class=\"row align-items-center justify-content-end\">\r\n\t\t<div class=\"col-lg-6 d-none\">\r\n\t\t\t\t\t\t<h3 class=\"page-title\"><\/h3>\r\n\t\t\t\t\t<\/div>\r\n\t\t\t\t\t<div class=\"breadcrumbs-wrap col-lg-6\">\r\n\t\t\t\t<ul class=\"breadcrumb\" itemscope itemtype=\"https:\/\/schema.org\/BreadcrumbList\"><li class=\"home\" itemprop=\"itemListElement\" itemscope itemtype=\"https:\/\/schema.org\/ListItem\"><a itemprop=\"item\" href=\"https:\/\/wycos.gmultimedia.ro\/fr\" title=\"Go to Home Page\"><span itemprop=\"name\">Home<\/span><\/a><meta itemprop=\"position\" content=\"3\" \/><i class=\"delimiter delimiter-2\"><\/i><\/li><\/ul>\t\t\t<\/div>\r\n\t\t\t\t\t<\/div>\r\n<\/div>\r\n<\/div>[\/vc_column][\/vc_row][vc_row][vc_column][vc_empty_space css_params=\u00a0\u00bb\u00a0\u00bb][\/vc_column][\/vc_row][vc_row][vc_column][vc_column_text css=\u00a0\u00bb\u00a0\u00bb css_params=\u00a0\u00bb\u00a0\u00bb]<\/p>\n<h3>Soin des mains<\/h3>\n<p>[\/vc_column_text][\/vc_column][\/vc_row][vc_row][vc_column][vc_column_text css=\u00a0\u00bb\u00a0\u00bb css_params=\u00a0\u00bb\u00a0\u00bb]Nos cr\u00e8mes pour les mains offrent des soins naturels pour chaque peau :<\/p>\n<p>Notre cr\u00e8me pour les mains riche en herbes, \u00e9prouv\u00e9e et test\u00e9e, \u00e0 base de calendula, d&rsquo;hamam\u00e9lis et de camomille prot\u00e8ge les mains stress\u00e9es.<br \/>\nLa cr\u00e8me pour les mains Edelwyss hydrate avec une texture l\u00e9g\u00e8re et offre un soin doux<br \/>\nLa cr\u00e8me pour les mains Emmental \u00e0 l&rsquo;extrait de souci local nourrit et prot\u00e8ge<\/p>\n<p><a href=\"https:\/\/wycos.gmultimedia.ro\/fr\/product-category\/hand-care\/\"><span style=\"color: #99cc00;\"><strong><img loading=\"lazy\" decoding=\"async\" class=\"alignnone size-full wp-image-5252\" src=\"https:\/\/wycos.gmultimedia.ro\/wp-content\/uploads\/2025\/04\/shopping-cart-1.png\" alt=\"\" width=\"20\" height=\"25\" \/> Voir les produits &gt;&gt;&gt;<\/strong><\/span><\/a>[\/vc_column_text][\/vc_column][\/vc_row][vc_row][vc_column][vc_empty_space height=\u00a0\u00bb150px\u00a0\u00bb css_params=\u00a0\u00bb\u00a0\u00bb][\/vc_column][\/vc_row]<\/p>\n<\/div>","protected":false},"excerpt":{"rendered":"<p>[vc_row full_width_css=\u00a0\u00bbstretch_row_content_no_spaces_css\u00a0\u00bb full_width=\u00a0\u00bbstretch_row_content_no_spaces\u00a0\u00bb conditional_render=\u00a0\u00bb%5B%7B%22value_role%22%3A%22administrator%22%7D%5D\u00a0\u00bb css_params=\u00a0\u00bb\u00a0\u00bb css=\u00a0\u00bb.vc_custom_1745501228803{background-image: url(https:\/\/wycos.gmultimedia.ro\/wp-content\/uploads\/2025\/02\/header-produkte3.jpg?id=4978) !important;}\u00a0\u00bb][vc_column][\/vc_column][\/vc_row][vc_row][vc_column][vc_empty_space css_params=\u00a0\u00bb\u00a0\u00bb][\/vc_column][\/vc_row][vc_row][vc_column][vc_column_text css=\u00a0\u00bb\u00a0\u00bb css_params=\u00a0\u00bb\u00a0\u00bb] Soin des mains [\/vc_column_text][\/vc_column][\/vc_row][vc_row][vc_column][vc_column_text css=\u00a0\u00bb\u00a0\u00bb css_params=\u00a0\u00bb\u00a0\u00bb]Nos cr\u00e8mes pour les mains offrent des soins naturels pour chaque peau : Notre cr\u00e8me pour les mains riche en herbes, \u00e9prouv\u00e9e et test\u00e9e, \u00e0 base de calendula, d&rsquo;hamam\u00e9lis et de camomille prot\u00e8ge les mains stress\u00e9es. La cr\u00e8me pour [&hellip;]<\/p>\n","protected":false},"author":1,"featured_media":0,"parent":4682,"menu_order":0,"comment_status":"closed","ping_status":"closed","template":"","meta":{"footnotes":""},"class_list":["post-4703","page","type-page","status-publish","hentry"],"_links":{"self":[{"href":"https:\/\/wycos.gmultimedia.ro\/fr\/wp-json\/wp\/v2\/pages\/4703","targetHints":{"allow":["GET"]}}],"collection":[{"href":"https:\/\/wycos.gmultimedia.ro\/fr\/wp-json\/wp\/v2\/pages"}],"about":[{"href":"https:\/\/wycos.gmultimedia.ro\/fr\/wp-json\/wp\/v2\/types\/page"}],"author":[{"embeddable":true,"href":"https:\/\/wycos.gmultimedia.ro\/fr\/wp-json\/wp\/v2\/users\/1"}],"replies":[{"embeddable":true,"href":"https:\/\/wycos.gmultimedia.ro\/fr\/wp-json\/wp\/v2\/comments?post=4703"}],"version-history":[{"count":20,"href":"https:\/\/wycos.gmultimedia.ro\/fr\/wp-json\/wp\/v2\/pages\/4703\/revisions"}],"predecessor-version":[{"id":5744,"href":"https:\/\/wycos.gmultimedia.ro\/fr\/wp-json\/wp\/v2\/pages\/4703\/revisions\/5744"}],"up":[{"embeddable":true,"href":"https:\/\/wycos.gmultimedia.ro\/fr\/wp-json\/wp\/v2\/pages\/4682"}],"wp:attachment":[{"href":"https:\/\/wycos.gmultimedia.ro\/fr\/wp-json\/wp\/v2\/media?parent=4703"}],"curies":[{"name":"wp","href":"https:\/\/api.w.org\/{rel}","templated":true}]}}