{"id":5558,"date":"2025-04-21T06:17:56","date_gmt":"2025-04-21T06:17:56","guid":{"rendered":"https:\/\/wycos.gmultimedia.ro\/?page_id=5558"},"modified":"2025-04-22T11:01:17","modified_gmt":"2025-04-22T11:01:17","slug":"balloon-vine","status":"publish","type":"page","link":"https:\/\/wycos.gmultimedia.ro\/fr\/plant-lexicon\/balloon-vine\/","title":{"rendered":"Graines de c\u0153ur"},"content":{"rendered":"<div class=\"wpb-content-wrapper\"><p><\/p>\n<h4>Graines de c\u0153ur<\/h4>\n<p><img loading=\"lazy\" decoding=\"async\" class=\"alignnone wp-image-5322 size-full\" src=\"https:\/\/wycos.gmultimedia.ro\/wp-content\/uploads\/2025\/04\/13Hrezsame.jpg\" alt=\"\" width=\"630\" height=\"420\" srcset=\"https:\/\/wycos.gmultimedia.ro\/wp-content\/uploads\/2025\/04\/13Hrezsame.jpg 630w, https:\/\/wycos.gmultimedia.ro\/wp-content\/uploads\/2025\/04\/13Hrezsame-400x267.jpg 400w, https:\/\/wycos.gmultimedia.ro\/wp-content\/uploads\/2025\/04\/13Hrezsame-367x245.jpg 367w, https:\/\/wycos.gmultimedia.ro\/wp-content\/uploads\/2025\/04\/13Hrezsame-600x400.jpg 600w\" sizes=\"auto, (max-width: 630px) 100vw, 630px\" \/><\/p>\n<div class=\"vc_row wpb_row row top-row wpb_custom_034b39d9bc6c6b310d69e39f0ccf274f\">\n<div class=\"vc_column_container col-md-12\">\n<div class=\"wpb_wrapper vc_column-inner\">\n<div class=\"wpb_text_column wpb_content_element wpb_custom_7c91d232724f73626cc933bd95b25ff0\">\n<div class=\"wpb_wrapper\">\n<p>La vigne ballon est une plante grimpante \u00e0 croissance rapide de la famille des Sapindac\u00e9es. Il est originaire des r\u00e9gions tropicales et subtropicales et prosp\u00e8re dans les endroits ensoleill\u00e9s et humides. Ses feuilles plumeuses, ses petites fleurs blanches et ses capsules de fruits caract\u00e9ristiques en forme de ballon le rendent incomparable. Les graines ont un motif en forme de c\u0153ur, ce qui lui a valu le nom de \u00ab plante \u00e0 graines de c\u0153ur \u00bb.<\/p>\n<p><strong>Ingr\u00e9dients:<\/strong><br \/>\nFlavonides, tanins, triterp\u00e8nes, saponines, phytost\u00e9rols<\/p>\n<p><strong>Effet:<\/strong><br \/>\nAntiprurigineux, anti-inflammatoire, antioxydant, analg\u00e9sique, antibact\u00e9rien, apaisant pour la peau<\/p>\n<p><strong>Utilisation traditionnelle:<\/strong><br \/>\nPour les probl\u00e8mes de peau qui d\u00e9mangent et br\u00fblent, l\u2019ecz\u00e9ma, la neurodermatite, les piq\u00fbres d\u2019insectes, pour la cicatrisation des plaies, mais aussi pour les probl\u00e8mes articulaires et les probl\u00e8mes digestifs.<\/p>\n<\/div>\n<\/div>\n<\/div>\n<\/div>\n<\/div>\n<div class=\"vc_row wpb_row row top-row wpb_custom_034b39d9bc6c6b310d69e39f0ccf274f\">\n<div class=\"vc_column_container col-md-12\">\n<div class=\"wpb_wrapper vc_column-inner\"><\/div>\n<\/div>\n<\/div>\n<p><\/p>\n<\/div>","protected":false},"excerpt":{"rendered":"<p>Graines de c\u0153ur La vigne ballon est une plante grimpante \u00e0 croissance rapide de la famille des Sapindac\u00e9es. Il est originaire des r\u00e9gions tropicales et subtropicales et prosp\u00e8re dans les endroits ensoleill\u00e9s et humides. Ses feuilles plumeuses, ses petites fleurs blanches et ses capsules de fruits caract\u00e9ristiques en forme de ballon le rendent incomparable. Les [&hellip;]<\/p>\n","protected":false},"author":1,"featured_media":0,"parent":4724,"menu_order":0,"comment_status":"closed","ping_status":"closed","template":"","meta":{"footnotes":""},"class_list":["post-5558","page","type-page","status-publish","hentry"],"_links":{"self":[{"href":"https:\/\/wycos.gmultimedia.ro\/fr\/wp-json\/wp\/v2\/pages\/5558","targetHints":{"allow":["GET"]}}],"collection":[{"href":"https:\/\/wycos.gmultimedia.ro\/fr\/wp-json\/wp\/v2\/pages"}],"about":[{"href":"https:\/\/wycos.gmultimedia.ro\/fr\/wp-json\/wp\/v2\/types\/page"}],"author":[{"embeddable":true,"href":"https:\/\/wycos.gmultimedia.ro\/fr\/wp-json\/wp\/v2\/users\/1"}],"replies":[{"embeddable":true,"href":"https:\/\/wycos.gmultimedia.ro\/fr\/wp-json\/wp\/v2\/comments?post=5558"}],"version-history":[{"count":2,"href":"https:\/\/wycos.gmultimedia.ro\/fr\/wp-json\/wp\/v2\/pages\/5558\/revisions"}],"predecessor-version":[{"id":5624,"href":"https:\/\/wycos.gmultimedia.ro\/fr\/wp-json\/wp\/v2\/pages\/5558\/revisions\/5624"}],"up":[{"embeddable":true,"href":"https:\/\/wycos.gmultimedia.ro\/fr\/wp-json\/wp\/v2\/pages\/4724"}],"wp:attachment":[{"href":"https:\/\/wycos.gmultimedia.ro\/fr\/wp-json\/wp\/v2\/media?parent=5558"}],"curies":[{"name":"wp","href":"https:\/\/api.w.org\/{rel}","templated":true}]}}