{"id":5065,"date":"2025-03-27T16:01:19","date_gmt":"2025-03-27T16:01:19","guid":{"rendered":"https:\/\/wycos.gmultimedia.ro\/?post_type=product&#038;p=5065"},"modified":"2025-04-22T18:26:01","modified_gmt":"2025-04-22T18:26:01","slug":"grapefresh-massage-oil-300-ml","status":"publish","type":"product","link":"https:\/\/wycos.gmultimedia.ro\/fr\/product\/grapefresh-massage-oil-300-ml\/","title":{"rendered":"Huile de massage Grapefresh 300 ml"},"content":{"rendered":"<p><\/p>\n<ul>\n<li>note l\u00e9g\u00e8re, citronn\u00e9e et fra\u00eeche, id\u00e9ale \u00e9galement en \u00e9t\u00e9<\/li>\n<li>glisse bien sur la peau sans laisser de traces,<\/li>\n<li>absorbe sans laisser de film gras<\/li>\n<li>nourrit la peau avec des huiles de haute qualit\u00e9 et de la vitamine E<\/li>\n<li>Enti\u00e8rement \u00e0 base de plantes (v\u00e9g\u00e9talien), sans paraffine, sans parab\u00e8nes et sans antioxydants synth\u00e9tiques tels que BHT, BHA<\/li>\n<li>Sans parfum aux huiles essentielles pures<\/li>\n<li>Fabriqu\u00e9 en Suisse avec de l&rsquo;huile de colza suisseSouhaitez-vous cette huile en plus grande quantit\u00e9 ou dans des contenants plus grands ? Appelez-nous : 034 496 88 64<\/li>\n<\/ul>\n<p><\/p>","protected":false},"excerpt":{"rendered":"<p>Huile de massage au pamplemousse : note l\u00e9g\u00e8re, fra\u00eeche et citronn\u00e9e, id\u00e9ale en \u00e9t\u00e9<\/p>\n","protected":false},"featured_media":5068,"comment_status":"open","ping_status":"closed","template":"","meta":[],"product_brand":[],"product_cat":[58],"product_tag":[],"class_list":{"0":"post-5065","1":"product","2":"type-product","3":"status-publish","4":"has-post-thumbnail","6":"product_cat-massage-body-care-oils","8":"first","9":"instock","10":"shipping-taxable","11":"purchasable","12":"product-type-simple"},"_links":{"self":[{"href":"https:\/\/wycos.gmultimedia.ro\/fr\/wp-json\/wp\/v2\/product\/5065","targetHints":{"allow":["GET"]}}],"collection":[{"href":"https:\/\/wycos.gmultimedia.ro\/fr\/wp-json\/wp\/v2\/product"}],"about":[{"href":"https:\/\/wycos.gmultimedia.ro\/fr\/wp-json\/wp\/v2\/types\/product"}],"replies":[{"embeddable":true,"href":"https:\/\/wycos.gmultimedia.ro\/fr\/wp-json\/wp\/v2\/comments?post=5065"}],"wp:featuredmedia":[{"embeddable":true,"href":"https:\/\/wycos.gmultimedia.ro\/fr\/wp-json\/wp\/v2\/media\/5068"}],"wp:attachment":[{"href":"https:\/\/wycos.gmultimedia.ro\/fr\/wp-json\/wp\/v2\/media?parent=5065"}],"wp:term":[{"taxonomy":"product_brand","embeddable":true,"href":"https:\/\/wycos.gmultimedia.ro\/fr\/wp-json\/wp\/v2\/product_brand?post=5065"},{"taxonomy":"product_cat","embeddable":true,"href":"https:\/\/wycos.gmultimedia.ro\/fr\/wp-json\/wp\/v2\/product_cat?post=5065"},{"taxonomy":"product_tag","embeddable":true,"href":"https:\/\/wycos.gmultimedia.ro\/fr\/wp-json\/wp\/v2\/product_tag?post=5065"}],"curies":[{"name":"wp","href":"https:\/\/api.w.org\/{rel}","templated":true}]}}