{"id":5069,"date":"2025-03-27T16:13:50","date_gmt":"2025-03-27T16:13:50","guid":{"rendered":"https:\/\/wycos.gmultimedia.ro\/?post_type=product&#038;p=5069"},"modified":"2025-04-22T18:25:18","modified_gmt":"2025-04-22T18:25:18","slug":"massage-oil-relax-300-ml","status":"publish","type":"product","link":"https:\/\/wycos.gmultimedia.ro\/fr\/product\/massage-oil-relax-300-ml\/","title":{"rendered":"Huile de massage Relax 300 ml"},"content":{"rendered":"<p><\/p>\n<ul>\n<li>note apaisante et relaxante<\/li>\n<li>glisse bien sur la peau sans laisser de traces,<\/li>\n<li>absorbe sans laisser de film gras<\/li>\n<li>nourrit la peau avec des huiles de haute qualit\u00e9 et de la vitamine E<\/li>\n<li>Enti\u00e8rement \u00e0 base de plantes (v\u00e9g\u00e9talien), sans paraffine, sans parab\u00e8nes et sans antioxydants synth\u00e9tiques tels que BHT, BHA<\/li>\n<li>Sans parfum aux huiles essentielles pures<\/li>\n<li>Fabriqu\u00e9 en Suisse avec de l&rsquo;huile de colza suisse<\/li>\n<\/ul>\n<p>Souhaitez-vous cette huile en plus grande quantit\u00e9 ou dans des contenants plus grands ? Appelez-nous! 034 496 88 64<\/p>","protected":false},"excerpt":{"rendered":"<p>Huile de massage Relax note apaisante et relaxante.<\/p>\n","protected":false},"featured_media":5085,"comment_status":"open","ping_status":"closed","template":"","meta":[],"product_brand":[],"product_cat":[58],"product_tag":[],"class_list":{"0":"post-5069","1":"product","2":"type-product","3":"status-publish","4":"has-post-thumbnail","6":"product_cat-massage-body-care-oils","8":"first","9":"instock","10":"shipping-taxable","11":"purchasable","12":"product-type-simple"},"_links":{"self":[{"href":"https:\/\/wycos.gmultimedia.ro\/fr\/wp-json\/wp\/v2\/product\/5069","targetHints":{"allow":["GET"]}}],"collection":[{"href":"https:\/\/wycos.gmultimedia.ro\/fr\/wp-json\/wp\/v2\/product"}],"about":[{"href":"https:\/\/wycos.gmultimedia.ro\/fr\/wp-json\/wp\/v2\/types\/product"}],"replies":[{"embeddable":true,"href":"https:\/\/wycos.gmultimedia.ro\/fr\/wp-json\/wp\/v2\/comments?post=5069"}],"wp:featuredmedia":[{"embeddable":true,"href":"https:\/\/wycos.gmultimedia.ro\/fr\/wp-json\/wp\/v2\/media\/5085"}],"wp:attachment":[{"href":"https:\/\/wycos.gmultimedia.ro\/fr\/wp-json\/wp\/v2\/media?parent=5069"}],"wp:term":[{"taxonomy":"product_brand","embeddable":true,"href":"https:\/\/wycos.gmultimedia.ro\/fr\/wp-json\/wp\/v2\/product_brand?post=5069"},{"taxonomy":"product_cat","embeddable":true,"href":"https:\/\/wycos.gmultimedia.ro\/fr\/wp-json\/wp\/v2\/product_cat?post=5069"},{"taxonomy":"product_tag","embeddable":true,"href":"https:\/\/wycos.gmultimedia.ro\/fr\/wp-json\/wp\/v2\/product_tag?post=5069"}],"curies":[{"name":"wp","href":"https:\/\/api.w.org\/{rel}","templated":true}]}}