{"id":5076,"date":"2025-03-27T16:45:02","date_gmt":"2025-03-27T16:45:02","guid":{"rendered":"https:\/\/wycos.gmultimedia.ro\/?post_type=product&#038;p=5076"},"modified":"2025-04-24T11:53:20","modified_gmt":"2025-04-24T11:53:20","slug":"shower-gel-bowl-200-ml","status":"publish","type":"product","link":"https:\/\/wycos.gmultimedia.ro\/fr\/product\/shower-gel-bowl-200-ml\/","title":{"rendered":"Gel douche bol 200 ml"},"content":{"rendered":"<p>Gel douche doux aux herbes de l&rsquo;Emmental et aux huiles essentielles pures.<br \/>\nNote fra\u00eeche et p\u00e9tillante inspir\u00e9e des Emmentaler Chr\u00e4chen et H\u00f6ger<br \/>\nFabriqu\u00e9 dans la r\u00e9gion de l&rsquo;Emmental. (Zollbr\u00fcck)<\/p>","protected":false},"excerpt":{"rendered":"<p>Gel douche doux aux herbes de l&rsquo;Emmental.<\/p>\n","protected":false},"featured_media":5077,"comment_status":"open","ping_status":"closed","template":"","meta":[],"product_brand":[],"product_cat":[57,61],"product_tag":[],"class_list":{"0":"post-5076","1":"product","2":"type-product","3":"status-publish","4":"has-post-thumbnail","6":"product_cat-emmental-cosmetics","7":"product_cat-shower-gel","9":"first","10":"instock","11":"shipping-taxable","12":"purchasable","13":"product-type-simple"},"_links":{"self":[{"href":"https:\/\/wycos.gmultimedia.ro\/fr\/wp-json\/wp\/v2\/product\/5076","targetHints":{"allow":["GET"]}}],"collection":[{"href":"https:\/\/wycos.gmultimedia.ro\/fr\/wp-json\/wp\/v2\/product"}],"about":[{"href":"https:\/\/wycos.gmultimedia.ro\/fr\/wp-json\/wp\/v2\/types\/product"}],"replies":[{"embeddable":true,"href":"https:\/\/wycos.gmultimedia.ro\/fr\/wp-json\/wp\/v2\/comments?post=5076"}],"wp:featuredmedia":[{"embeddable":true,"href":"https:\/\/wycos.gmultimedia.ro\/fr\/wp-json\/wp\/v2\/media\/5077"}],"wp:attachment":[{"href":"https:\/\/wycos.gmultimedia.ro\/fr\/wp-json\/wp\/v2\/media?parent=5076"}],"wp:term":[{"taxonomy":"product_brand","embeddable":true,"href":"https:\/\/wycos.gmultimedia.ro\/fr\/wp-json\/wp\/v2\/product_brand?post=5076"},{"taxonomy":"product_cat","embeddable":true,"href":"https:\/\/wycos.gmultimedia.ro\/fr\/wp-json\/wp\/v2\/product_cat?post=5076"},{"taxonomy":"product_tag","embeddable":true,"href":"https:\/\/wycos.gmultimedia.ro\/fr\/wp-json\/wp\/v2\/product_tag?post=5076"}],"curies":[{"name":"wp","href":"https:\/\/api.w.org\/{rel}","templated":true}]}}