{"id":5082,"date":"2025-03-27T19:16:20","date_gmt":"2025-03-27T19:16:20","guid":{"rendered":"https:\/\/wycos.gmultimedia.ro\/?post_type=product&#038;p=5082"},"modified":"2025-04-22T18:17:35","modified_gmt":"2025-04-22T18:17:35","slug":"hand-cleaning-octeniclean-aqueous-solution-200-ml","status":"publish","type":"product","link":"https:\/\/wycos.gmultimedia.ro\/fr\/product\/hand-cleaning-octeniclean-aqueous-solution-200-ml\/","title":{"rendered":"Solution aqueuse nettoyante pour les mains \u00ab\u00a0OCTENICLEAN\u00a0\u00bb 200 ml"},"content":{"rendered":"<p>Notre nettoyant pour les mains avec l&rsquo;ingr\u00e9dient actif oct\u00e9nidine est inodore, non irritant et tr\u00e8s bien tol\u00e9r\u00e9. Il ne contient pas d&rsquo;alcool (\u00e9thanol) et ne dess\u00e8che pas la peau. Le principe actif oct\u00e9nidine poss\u00e8de un spectre de d\u00e9sinfection tr\u00e8s large. Il est efficace contre les bact\u00e9ries, les champignons et les virus envelopp\u00e9s tels que : le virus Corona.<\/p>","protected":false},"excerpt":{"rendered":"<p>Solution aqueuse d\u00e9sinfectante pour les mains \u00e0 l&rsquo;oct\u00e9nidine. Peut \u00eatre command\u00e9 en ligne imm\u00e9diatement.<\/p>\n","protected":false},"featured_media":5084,"comment_status":"open","ping_status":"closed","template":"","meta":[],"product_brand":[],"product_cat":[65],"product_tag":[],"class_list":{"0":"post-5082","1":"product","2":"type-product","3":"status-publish","4":"has-post-thumbnail","6":"product_cat-hand-care","8":"first","9":"instock","10":"shipping-taxable","11":"purchasable","12":"product-type-simple"},"_links":{"self":[{"href":"https:\/\/wycos.gmultimedia.ro\/fr\/wp-json\/wp\/v2\/product\/5082","targetHints":{"allow":["GET"]}}],"collection":[{"href":"https:\/\/wycos.gmultimedia.ro\/fr\/wp-json\/wp\/v2\/product"}],"about":[{"href":"https:\/\/wycos.gmultimedia.ro\/fr\/wp-json\/wp\/v2\/types\/product"}],"replies":[{"embeddable":true,"href":"https:\/\/wycos.gmultimedia.ro\/fr\/wp-json\/wp\/v2\/comments?post=5082"}],"wp:featuredmedia":[{"embeddable":true,"href":"https:\/\/wycos.gmultimedia.ro\/fr\/wp-json\/wp\/v2\/media\/5084"}],"wp:attachment":[{"href":"https:\/\/wycos.gmultimedia.ro\/fr\/wp-json\/wp\/v2\/media?parent=5082"}],"wp:term":[{"taxonomy":"product_brand","embeddable":true,"href":"https:\/\/wycos.gmultimedia.ro\/fr\/wp-json\/wp\/v2\/product_brand?post=5082"},{"taxonomy":"product_cat","embeddable":true,"href":"https:\/\/wycos.gmultimedia.ro\/fr\/wp-json\/wp\/v2\/product_cat?post=5082"},{"taxonomy":"product_tag","embeddable":true,"href":"https:\/\/wycos.gmultimedia.ro\/fr\/wp-json\/wp\/v2\/product_tag?post=5082"}],"curies":[{"name":"wp","href":"https:\/\/api.w.org\/{rel}","templated":true}]}}