{"id":5097,"date":"2025-03-27T20:18:59","date_gmt":"2025-03-27T20:18:59","guid":{"rendered":"https:\/\/wycos.gmultimedia.ro\/?post_type=product&#038;p=5097"},"modified":"2025-04-24T11:35:30","modified_gmt":"2025-04-24T11:35:30","slug":"arnica-gel-100-g","status":"publish","type":"product","link":"https:\/\/wycos.gmultimedia.ro\/fr\/product\/arnica-gel-100-g\/","title":{"rendered":"Gel d&rsquo;Arnica 100 g"},"content":{"rendered":"<p>Notre Gel d&rsquo;Arnica aux Spilantes et \u00e0 la Consoude est b\u00e9n\u00e9fique pour le soin des zones cutan\u00e9es affect\u00e9es telles que les genoux, les \u00e9paules et les hanches et vous aide \u00e0 retrouver la joie du mouvement. Il am\u00e9liore la circulation cutan\u00e9e, favorise la r\u00e9g\u00e9n\u00e9ration apr\u00e8s un effort physique et est merveilleusement relaxant.<\/p>","protected":false},"excerpt":{"rendered":"<p>Gel \u00e0 l&rsquo;arnica et aux spilanthes.<\/p>\n","protected":false},"featured_media":5683,"comment_status":"open","ping_status":"closed","template":"","meta":[],"product_brand":[],"product_cat":[59],"product_tag":[],"class_list":{"0":"post-5097","1":"product","2":"type-product","3":"status-publish","4":"has-post-thumbnail","6":"product_cat-gels","8":"first","9":"instock","10":"shipping-taxable","11":"purchasable","12":"product-type-simple"},"_links":{"self":[{"href":"https:\/\/wycos.gmultimedia.ro\/fr\/wp-json\/wp\/v2\/product\/5097","targetHints":{"allow":["GET"]}}],"collection":[{"href":"https:\/\/wycos.gmultimedia.ro\/fr\/wp-json\/wp\/v2\/product"}],"about":[{"href":"https:\/\/wycos.gmultimedia.ro\/fr\/wp-json\/wp\/v2\/types\/product"}],"replies":[{"embeddable":true,"href":"https:\/\/wycos.gmultimedia.ro\/fr\/wp-json\/wp\/v2\/comments?post=5097"}],"wp:featuredmedia":[{"embeddable":true,"href":"https:\/\/wycos.gmultimedia.ro\/fr\/wp-json\/wp\/v2\/media\/5683"}],"wp:attachment":[{"href":"https:\/\/wycos.gmultimedia.ro\/fr\/wp-json\/wp\/v2\/media?parent=5097"}],"wp:term":[{"taxonomy":"product_brand","embeddable":true,"href":"https:\/\/wycos.gmultimedia.ro\/fr\/wp-json\/wp\/v2\/product_brand?post=5097"},{"taxonomy":"product_cat","embeddable":true,"href":"https:\/\/wycos.gmultimedia.ro\/fr\/wp-json\/wp\/v2\/product_cat?post=5097"},{"taxonomy":"product_tag","embeddable":true,"href":"https:\/\/wycos.gmultimedia.ro\/fr\/wp-json\/wp\/v2\/product_tag?post=5097"}],"curies":[{"name":"wp","href":"https:\/\/api.w.org\/{rel}","templated":true}]}}