{"id":5113,"date":"2025-03-29T09:38:23","date_gmt":"2025-03-29T09:38:23","guid":{"rendered":"https:\/\/wycos.gmultimedia.ro\/?post_type=product&#038;p=5113"},"modified":"2025-04-22T18:05:42","modified_gmt":"2025-04-22T18:05:42","slug":"sport-muscle-fluid","status":"publish","type":"product","link":"https:\/\/wycos.gmultimedia.ro\/fr\/product\/sport-muscle-fluid\/","title":{"rendered":"Fluide Sport &#038; Muscle"},"content":{"rendered":"<p>Le fluide aux huiles essentielles pures rafra\u00eechit durablement la peau avant et apr\u00e8s le sport, la randonn\u00e9e, etc. Il rafra\u00eechit agr\u00e9ablement et d\u00e9ploie imm\u00e9diatement son effet b\u00e9n\u00e9fique sur les muscles et les articulations. Notre liquide musculaire ne contient aucun parfum artificiel et est exempt de conservateurs.<\/p>","protected":false},"excerpt":{"rendered":"<p>Le fluide aux huiles essentielles pures rafra\u00eechit durablement la peau avant et apr\u00e8s le sport, la randonn\u00e9e, etc. Il rafra\u00eechit agr\u00e9ablement et d\u00e9ploie imm\u00e9diatement son effet b\u00e9n\u00e9fique sur les muscles et les articulations. Notre liquide musculaire ne contient aucun parfum artificiel et est exempt de conservateurs.<\/p>\n","protected":false},"featured_media":5114,"comment_status":"open","ping_status":"closed","template":"","meta":[],"product_brand":[],"product_cat":[58],"product_tag":[],"class_list":{"0":"post-5113","1":"product","2":"type-product","3":"status-publish","4":"has-post-thumbnail","6":"product_cat-massage-body-care-oils","8":"first","9":"instock","10":"shipping-taxable","11":"purchasable","12":"product-type-simple"},"_links":{"self":[{"href":"https:\/\/wycos.gmultimedia.ro\/fr\/wp-json\/wp\/v2\/product\/5113","targetHints":{"allow":["GET"]}}],"collection":[{"href":"https:\/\/wycos.gmultimedia.ro\/fr\/wp-json\/wp\/v2\/product"}],"about":[{"href":"https:\/\/wycos.gmultimedia.ro\/fr\/wp-json\/wp\/v2\/types\/product"}],"replies":[{"embeddable":true,"href":"https:\/\/wycos.gmultimedia.ro\/fr\/wp-json\/wp\/v2\/comments?post=5113"}],"wp:featuredmedia":[{"embeddable":true,"href":"https:\/\/wycos.gmultimedia.ro\/fr\/wp-json\/wp\/v2\/media\/5114"}],"wp:attachment":[{"href":"https:\/\/wycos.gmultimedia.ro\/fr\/wp-json\/wp\/v2\/media?parent=5113"}],"wp:term":[{"taxonomy":"product_brand","embeddable":true,"href":"https:\/\/wycos.gmultimedia.ro\/fr\/wp-json\/wp\/v2\/product_brand?post=5113"},{"taxonomy":"product_cat","embeddable":true,"href":"https:\/\/wycos.gmultimedia.ro\/fr\/wp-json\/wp\/v2\/product_cat?post=5113"},{"taxonomy":"product_tag","embeddable":true,"href":"https:\/\/wycos.gmultimedia.ro\/fr\/wp-json\/wp\/v2\/product_tag?post=5113"}],"curies":[{"name":"wp","href":"https:\/\/api.w.org\/{rel}","templated":true}]}}