{"id":5418,"date":"2025-04-16T14:28:41","date_gmt":"2025-04-16T14:28:41","guid":{"rendered":"https:\/\/wycos.gmultimedia.ro\/?post_type=product&#038;p=5418"},"modified":"2025-04-24T11:52:06","modified_gmt":"2025-04-24T11:52:06","slug":"edelwyss-night-face-cream-50ml","status":"publish","type":"product","link":"https:\/\/wycos.gmultimedia.ro\/fr\/product\/edelwyss-night-face-cream-50ml\/","title":{"rendered":"Cr\u00e8me de nuit visage EdelWyss 50 ml"},"content":{"rendered":"<p>Soin de nuit intens\u00e9ment hydratant et r\u00e9g\u00e9n\u00e9rant \u00e0 l&rsquo;extrait d&rsquo;Edelweiss et au Jiaogulan, \u00ab l&rsquo;herbe de l&rsquo;immortalit\u00e9 \u00bb<\/p>\n<p>Sans parab\u00e8nes, paraffine, silicone et PEG.<\/p>\n<p>Fabriqu\u00e9 en Suisse dans notre propre laboratoire<\/p>","protected":false},"excerpt":{"rendered":"<p>Edelweiss Cosmetics : Cr\u00e8me de nuit r\u00e9g\u00e9n\u00e9rante pour peaux normales \u00e0 s\u00e8ches \u00e0 l&rsquo;edelweiss suisse. Id\u00e9al \u00e9galement comme soin de jour pour les peaux s\u00e8ches et sensibles.<\/p>\n","protected":false},"featured_media":5419,"comment_status":"open","ping_status":"closed","template":"","meta":[],"product_brand":[],"product_cat":[56,64],"product_tag":[],"class_list":{"0":"post-5418","1":"product","2":"type-product","3":"status-publish","4":"has-post-thumbnail","6":"product_cat-edelwyss","7":"product_cat-facial-care","9":"first","10":"instock","11":"shipping-taxable","12":"purchasable","13":"product-type-simple"},"_links":{"self":[{"href":"https:\/\/wycos.gmultimedia.ro\/fr\/wp-json\/wp\/v2\/product\/5418","targetHints":{"allow":["GET"]}}],"collection":[{"href":"https:\/\/wycos.gmultimedia.ro\/fr\/wp-json\/wp\/v2\/product"}],"about":[{"href":"https:\/\/wycos.gmultimedia.ro\/fr\/wp-json\/wp\/v2\/types\/product"}],"replies":[{"embeddable":true,"href":"https:\/\/wycos.gmultimedia.ro\/fr\/wp-json\/wp\/v2\/comments?post=5418"}],"wp:featuredmedia":[{"embeddable":true,"href":"https:\/\/wycos.gmultimedia.ro\/fr\/wp-json\/wp\/v2\/media\/5419"}],"wp:attachment":[{"href":"https:\/\/wycos.gmultimedia.ro\/fr\/wp-json\/wp\/v2\/media?parent=5418"}],"wp:term":[{"taxonomy":"product_brand","embeddable":true,"href":"https:\/\/wycos.gmultimedia.ro\/fr\/wp-json\/wp\/v2\/product_brand?post=5418"},{"taxonomy":"product_cat","embeddable":true,"href":"https:\/\/wycos.gmultimedia.ro\/fr\/wp-json\/wp\/v2\/product_cat?post=5418"},{"taxonomy":"product_tag","embeddable":true,"href":"https:\/\/wycos.gmultimedia.ro\/fr\/wp-json\/wp\/v2\/product_tag?post=5418"}],"curies":[{"name":"wp","href":"https:\/\/api.w.org\/{rel}","templated":true}]}}