{"id":5427,"date":"2025-04-16T14:51:10","date_gmt":"2025-04-16T14:51:10","guid":{"rendered":"https:\/\/wycos.gmultimedia.ro\/?post_type=product&#038;p=5427"},"modified":"2025-04-22T17:52:14","modified_gmt":"2025-04-22T17:52:14","slug":"emmental-hand-cream-tube-75ml","status":"publish","type":"product","link":"https:\/\/wycos.gmultimedia.ro\/fr\/product\/emmental-hand-cream-tube-75ml\/","title":{"rendered":"CREME MAINS EMMENTALER Tube 75ml"},"content":{"rendered":"<p>Cr\u00e8me pour les mains \u00e0 absorption rapide \u00e0 l&rsquo;extrait de souci de l&rsquo;Emmental. Pour des mains douces et soyeuses, soign\u00e9es. Apaise et favorise la r\u00e9g\u00e9n\u00e9ration des mains rougies et gerc\u00e9es. Les huiles naturelles et la glyc\u00e9rine prot\u00e8gent et soignent la peau et retiennent l\u2019humidit\u00e9. (v\u00e9g\u00e9talien)<\/p>","protected":false},"excerpt":{"rendered":"<p>Cr\u00e8me pour les mains nourrissante \u00e0 absorption rapide \u00e0 l&rsquo;extrait de souci de l&rsquo;Emmental.<\/p>\n","protected":false},"featured_media":5428,"comment_status":"open","ping_status":"closed","template":"","meta":[],"product_brand":[],"product_cat":[57],"product_tag":[],"class_list":{"0":"post-5427","1":"product","2":"type-product","3":"status-publish","4":"has-post-thumbnail","6":"product_cat-emmental-cosmetics","8":"first","9":"instock","10":"shipping-taxable","11":"purchasable","12":"product-type-simple"},"_links":{"self":[{"href":"https:\/\/wycos.gmultimedia.ro\/fr\/wp-json\/wp\/v2\/product\/5427","targetHints":{"allow":["GET"]}}],"collection":[{"href":"https:\/\/wycos.gmultimedia.ro\/fr\/wp-json\/wp\/v2\/product"}],"about":[{"href":"https:\/\/wycos.gmultimedia.ro\/fr\/wp-json\/wp\/v2\/types\/product"}],"replies":[{"embeddable":true,"href":"https:\/\/wycos.gmultimedia.ro\/fr\/wp-json\/wp\/v2\/comments?post=5427"}],"wp:featuredmedia":[{"embeddable":true,"href":"https:\/\/wycos.gmultimedia.ro\/fr\/wp-json\/wp\/v2\/media\/5428"}],"wp:attachment":[{"href":"https:\/\/wycos.gmultimedia.ro\/fr\/wp-json\/wp\/v2\/media?parent=5427"}],"wp:term":[{"taxonomy":"product_brand","embeddable":true,"href":"https:\/\/wycos.gmultimedia.ro\/fr\/wp-json\/wp\/v2\/product_brand?post=5427"},{"taxonomy":"product_cat","embeddable":true,"href":"https:\/\/wycos.gmultimedia.ro\/fr\/wp-json\/wp\/v2\/product_cat?post=5427"},{"taxonomy":"product_tag","embeddable":true,"href":"https:\/\/wycos.gmultimedia.ro\/fr\/wp-json\/wp\/v2\/product_tag?post=5427"}],"curies":[{"name":"wp","href":"https:\/\/api.w.org\/{rel}","templated":true}]}}