{"id":5434,"date":"2025-04-16T15:26:07","date_gmt":"2025-04-16T15:26:07","guid":{"rendered":"https:\/\/wycos.gmultimedia.ro\/?post_type=product&#038;p=5434"},"modified":"2025-04-24T16:26:44","modified_gmt":"2025-04-24T16:26:44","slug":"echinacea-f-drops-100-ml","status":"publish","type":"product","link":"https:\/\/wycos.gmultimedia.ro\/fr\/product\/echinacea-f-drops-100-ml\/","title":{"rendered":"Gouttes d&rsquo;\u00e9chinac\u00e9e F 100 ml"},"content":{"rendered":"<p>Gouttes \u00e0 l&rsquo;extrait d&rsquo;\u00e9chinac\u00e9e fra\u00eeche de l&rsquo;Emmental et de racine d&rsquo;\u00e9chinac\u00e9e. Compl\u00e9ment alimentaire. L&rsquo;\u00e9chinac\u00e9e aide \u00e0 renforcer votre syst\u00e8me immunitaire.<\/p>","protected":false},"excerpt":{"rendered":"<p>Pr\u00e9paration \u00e0 base d&rsquo;extrait d&rsquo;\u00e9chinac\u00e9e fra\u00eeche de l&rsquo;Emmental.<\/p>\n","protected":false},"featured_media":5437,"comment_status":"open","ping_status":"closed","template":"","meta":[],"product_brand":[],"product_cat":[15,67],"product_tag":[],"class_list":{"0":"post-5434","1":"product","2":"type-product","3":"status-publish","4":"has-post-thumbnail","6":"product_cat-uncategorized","7":"product_cat-nahrungserganzungen","9":"first","10":"instock","11":"shipping-taxable","12":"purchasable","13":"product-type-simple"},"_links":{"self":[{"href":"https:\/\/wycos.gmultimedia.ro\/fr\/wp-json\/wp\/v2\/product\/5434","targetHints":{"allow":["GET"]}}],"collection":[{"href":"https:\/\/wycos.gmultimedia.ro\/fr\/wp-json\/wp\/v2\/product"}],"about":[{"href":"https:\/\/wycos.gmultimedia.ro\/fr\/wp-json\/wp\/v2\/types\/product"}],"replies":[{"embeddable":true,"href":"https:\/\/wycos.gmultimedia.ro\/fr\/wp-json\/wp\/v2\/comments?post=5434"}],"wp:featuredmedia":[{"embeddable":true,"href":"https:\/\/wycos.gmultimedia.ro\/fr\/wp-json\/wp\/v2\/media\/5437"}],"wp:attachment":[{"href":"https:\/\/wycos.gmultimedia.ro\/fr\/wp-json\/wp\/v2\/media?parent=5434"}],"wp:term":[{"taxonomy":"product_brand","embeddable":true,"href":"https:\/\/wycos.gmultimedia.ro\/fr\/wp-json\/wp\/v2\/product_brand?post=5434"},{"taxonomy":"product_cat","embeddable":true,"href":"https:\/\/wycos.gmultimedia.ro\/fr\/wp-json\/wp\/v2\/product_cat?post=5434"},{"taxonomy":"product_tag","embeddable":true,"href":"https:\/\/wycos.gmultimedia.ro\/fr\/wp-json\/wp\/v2\/product_tag?post=5434"}],"curies":[{"name":"wp","href":"https:\/\/api.w.org\/{rel}","templated":true}]}}