{"id":5773,"date":"2025-04-24T15:55:53","date_gmt":"2025-04-24T15:55:53","guid":{"rendered":"https:\/\/wycos.gmultimedia.ro\/?post_type=product&#038;p=5773"},"modified":"2025-04-24T16:08:06","modified_gmt":"2025-04-24T16:08:06","slug":"edelwyss-eye-cream-30ml","status":"publish","type":"product","link":"https:\/\/wycos.gmultimedia.ro\/fr\/product\/edelwyss-eye-cream-30ml\/","title":{"rendered":"Cr\u00e8me de jour visage EdelWyss 50 ml (Copy)"},"content":{"rendered":"<p>L&rsquo;extrait d&rsquo;edelweiss, l&rsquo;acide hyaluronique, la provitamine B5, la vitamine E et le facteur hydratant naturel de l&rsquo;avoine noire assurent un soin longue dur\u00e9e et r\u00e9duisent les rides. Les huiles purement naturelles de colza suisse, de noyaux d&rsquo;abricot, de macadamia et de beurre de karit\u00e9 soignent et prot\u00e8gent la peau.<\/p>\n<p>Sans parab\u00e8nes, paraffine, silicone et PEG.<\/p>\n<p>Fabriqu\u00e9 dans notre laboratoire<\/p>","protected":false},"excerpt":{"rendered":"<p>Cr\u00e8me de jour l\u00e9g\u00e8re et intens\u00e9ment hydratante pour peaux normales \u00e0 s\u00e8ches.<\/p>\n","protected":false},"featured_media":0,"comment_status":"open","ping_status":"closed","template":"","meta":[],"product_brand":[],"product_cat":[56,64],"product_tag":[],"class_list":{"0":"post-5773","1":"product","2":"type-product","3":"status-publish","5":"product_cat-edelwyss","6":"product_cat-facial-care","8":"first","9":"instock","10":"shipping-taxable","11":"purchasable","12":"product-type-simple"},"_links":{"self":[{"href":"https:\/\/wycos.gmultimedia.ro\/fr\/wp-json\/wp\/v2\/product\/5773","targetHints":{"allow":["GET"]}}],"collection":[{"href":"https:\/\/wycos.gmultimedia.ro\/fr\/wp-json\/wp\/v2\/product"}],"about":[{"href":"https:\/\/wycos.gmultimedia.ro\/fr\/wp-json\/wp\/v2\/types\/product"}],"replies":[{"embeddable":true,"href":"https:\/\/wycos.gmultimedia.ro\/fr\/wp-json\/wp\/v2\/comments?post=5773"}],"wp:attachment":[{"href":"https:\/\/wycos.gmultimedia.ro\/fr\/wp-json\/wp\/v2\/media?parent=5773"}],"wp:term":[{"taxonomy":"product_brand","embeddable":true,"href":"https:\/\/wycos.gmultimedia.ro\/fr\/wp-json\/wp\/v2\/product_brand?post=5773"},{"taxonomy":"product_cat","embeddable":true,"href":"https:\/\/wycos.gmultimedia.ro\/fr\/wp-json\/wp\/v2\/product_cat?post=5773"},{"taxonomy":"product_tag","embeddable":true,"href":"https:\/\/wycos.gmultimedia.ro\/fr\/wp-json\/wp\/v2\/product_tag?post=5773"}],"curies":[{"name":"wp","href":"https:\/\/api.w.org\/{rel}","templated":true}]}}